{"id":19,"date":"2022-08-12T13:25:17","date_gmt":"2022-08-12T11:25:17","guid":{"rendered":"https:\/\/www.m19.pl\/?page_id=19"},"modified":"2024-12-16T20:43:19","modified_gmt":"2024-12-16T19:43:19","slug":"strona-glowna","status":"publish","type":"page","link":"https:\/\/www.m19.pl\/en\/","title":{"rendered":"Strona G\u0142\u00f3wna"},"content":{"rendered":"<p>[et_pb_section fb_built=&#8221;1&#8243; fullwidth=&#8221;on&#8221; _builder_version=&#8221;4.22.2&#8243; _module_preset=&#8221;default&#8221; global_colors_info=&#8221;{}&#8221;][et_pb_fullwidth_slider show_pagination=&#8221;off&#8221; use_bg_overlay=&#8221;off&#8221; use_text_overlay=&#8221;off&#8221; _builder_version=&#8221;4.27.3&#8243; _dynamic_attributes=&#8221;link_option_url&#8221; _module_preset=&#8221;default&#8221; header_font=&#8221;||||||||&#8221; header_text_align=&#8221;left&#8221; header_font_size=&#8221;20px&#8221; body_font=&#8221;|300|||||||&#8221; body_text_align=&#8221;left&#8221; body_font_size=&#8221;15px&#8221; body_link_text_color=&#8221;#FFFFFF&#8221; min_height=&#8221;90vh&#8221; min_height_tablet=&#8221;50vh&#8221; min_height_phone=&#8221;50vh&#8221; min_height_last_edited=&#8221;on|phone&#8221; link_option_url=&#8221;@ET-DC@eyJkeW5hbWljIjp0cnVlLCJjb250ZW50IjoicG9zdF9saW5rX3VybF9wcm9qZWN0Iiwic2V0dGluZ3MiOnsicG9zdF9pZCI6IjExNTAifX0=@&#8221; hover_enabled=&#8221;0&#8243; global_colors_info=&#8221;{}&#8221; header_font_size__hover_enabled=&#8221;off|desktop&#8221; sticky_enabled=&#8221;0&#8243;][et_pb_slide heading=&#8221;Nowa realizacja &#8211; Kolna Sopot&#8221; _builder_version=&#8221;4.27.3&#8243; _module_preset=&#8221;default&#8221; background_color=&#8221;#FFFFFF&#8221; background_enable_color=&#8221;on&#8221; background_image=&#8221;https:\/\/www.m19.pl\/wp-content\/uploads\/2024\/12\/02_Kolna-m-min.jpg&#8221; background_enable_image=&#8221;on&#8221; global_colors_info=&#8221;{}&#8221; sticky_transition=&#8221;on&#8221;]<\/p>\n<p><span>W samym sercu Sopotu, przy ulicy Jana z Kolna, powstaje nowa realizacja naszej pracowni \u2013 Kolna Sopot.<\/span><\/p>\n<p>[\/et_pb_slide][et_pb_slide heading=&#8221;Wn\u0119trza cz\u0119\u015bci wsp\u00f3lnych inwestycji Kolna Sopot&#8221; _builder_version=&#8221;4.27.3&#8243; _dynamic_attributes=&#8221;link_option_url&#8221; _module_preset=&#8221;default&#8221; background_color=&#8221;#FFFFFF&#8221; background_enable_color=&#8221;on&#8221; background_image=&#8221;https:\/\/www.m19.pl\/wp-content\/uploads\/2024\/12\/05_Kolna_lobby-m-min.jpg&#8221; background_enable_image=&#8221;on&#8221; link_option_url=&#8221;@ET-DC@eyJkeW5hbWljIjp0cnVlLCJjb250ZW50IjoicG9zdF9saW5rX3VybF9wcm9qZWN0Iiwic2V0dGluZ3MiOnsicG9zdF9pZCI6IjExOTQifX0=@&#8221; global_colors_info=&#8221;{}&#8221; sticky_transition=&#8221;on&#8221;]<\/p>\n<p><span>Zaprojektowane przez nas wn\u0119trza inwestycji Kolna Sopot bazuj\u0105 na subtelnej grze drewna o ciep\u0142ej tonacji z elementami czerni i neutralnych barw.<\/span><\/p>\n<p>[\/et_pb_slide][et_pb_slide heading=&#8221;Dom przy lesie&#8221; _builder_version=&#8221;4.27.3&#8243; _dynamic_attributes=&#8221;link_option_url&#8221; _module_preset=&#8221;default&#8221; header_level=&#8221;h2&#8243; background_color=&#8221;#FFFFFF&#8221; background_enable_color=&#8221;on&#8221; use_background_color_gradient=&#8221;on&#8221; background_color_gradient_stops=&#8221;rgba(0,0,0,0.1) 0%|rgba(0,0,0,0.1) 99%&#8221; background_color_gradient_overlays_image=&#8221;on&#8221; background_image=&#8221;https:\/\/www.m19.pl\/wp-content\/uploads\/2024\/07\/2024-05-08-cam01-scaled.jpg&#8221; background_enable_image=&#8221;on&#8221; link_option_url=&#8221;@ET-DC@eyJkeW5hbWljIjp0cnVlLCJjb250ZW50IjoicG9zdF9saW5rX3VybF9wcm9qZWN0Iiwic2V0dGluZ3MiOnsicG9zdF9pZCI6IjEwNjUifX0=@&#8221; global_colors_info=&#8221;{}&#8221; sticky_transition=&#8221;on&#8221;]<\/p>\n<p><span>Gdynia Ma\u0142y Kack \u2013 dzielnica w bezpo\u015brednim s\u0105siedztwie Tr\u00f3jmiejskiego Parku Krajobrazowego, a zarazem blisko \u015br\u00f3dmie\u015bcia miasta. To tu, na pi\u0119knej, w\u0105skiej, ale d\u0142ugiej dzia\u0142ce, tu\u017c przy lesie, powstanie dom.<\/span><\/p>\n<p>[\/et_pb_slide][et_pb_slide heading=&#8221;Apartament secesyjny w Poznaniu&#8221; heading_last_edited=&#8221;off|desktop&#8221; _builder_version=&#8221;4.27.3&#8243; _dynamic_attributes=&#8221;link_option_url&#8221; _module_preset=&#8221;default&#8221; header_level=&#8221;h2&#8243; background_color=&#8221;#FFFFFF&#8221; background_enable_color=&#8221;on&#8221; use_background_color_gradient=&#8221;on&#8221; background_color_gradient_stops=&#8221;rgba(0,0,0,0.1) 0%|rgba(0,0,0,0.1) 99%&#8221; background_color_gradient_overlays_image=&#8221;on&#8221; background_image=&#8221;https:\/\/www.m19.pl\/wp-content\/uploads\/2024\/07\/3_pokoj.jpg&#8221; background_enable_image=&#8221;on&#8221; link_option_url=&#8221;@ET-DC@eyJkeW5hbWljIjp0cnVlLCJjb250ZW50IjoicG9zdF9saW5rX3VybF9wcm9qZWN0Iiwic2V0dGluZ3MiOnsicG9zdF9pZCI6IjEwMzcifX0=@&#8221; global_colors_info=&#8221;{}&#8221; sticky_transition=&#8221;on&#8221;]<\/p>\n<p>Jeden z naszych tegorocznych projekt\u00f3w wn\u0119trz &#8211; jasne i \u015bwietliste klasyczne wn\u0119trze prze\u0142amane wsp\u00f3\u0142czesnymi dodatkami.<\/p>\n<p>[\/et_pb_slide][et_pb_slide heading=&#8221;Pozna\u0144 Kamienica Wiede\u0144ska Apartament pokazowy&#8221; heading_last_edited=&#8221;off|desktop&#8221; _builder_version=&#8221;4.27.3&#8243; _dynamic_attributes=&#8221;link_option_url&#8221; _module_preset=&#8221;default&#8221; header_level=&#8221;h2&#8243; background_color=&#8221;#FFFFFF&#8221; background_enable_color=&#8221;on&#8221; use_background_color_gradient=&#8221;on&#8221; background_color_gradient_stops=&#8221;rgba(0,0,0,0.1) 0%|rgba(0,0,0,0.1) 99%&#8221; background_color_gradient_overlays_image=&#8221;on&#8221; background_image=&#8221;https:\/\/www.m19.pl\/wp-content\/uploads\/2022\/08\/Poznan-Kamienica-Wiedenska-1.jpg&#8221; background_enable_image=&#8221;on&#8221; link_option_url=&#8221;@ET-DC@eyJkeW5hbWljIjp0cnVlLCJjb250ZW50IjoicG9zdF9saW5rX3VybF9wcm9qZWN0Iiwic2V0dGluZ3MiOnsicG9zdF9pZCI6IjI0NiJ9fQ==@&#8221; global_colors_info=&#8221;{}&#8221; sticky_transition=&#8221;on&#8221;]<\/p>\n<p>We would like to present the show apartment in Kamienica Wiede\u0144ska in Pozna\u0144. A new project in a historical building.<\/p>\n<p>[\/et_pb_slide][et_pb_slide heading=&#8221;Sopot wn\u0119trza apartamentu w kamienicy w Sopocie&#8221; heading_last_edited=&#8221;off|desktop&#8221; _builder_version=&#8221;4.18.0&#8243; _dynamic_attributes=&#8221;link_option_url&#8221; _module_preset=&#8221;default&#8221; header_level=&#8221;h2&#8243; background_color=&#8221;#FFFFFF&#8221; background_enable_color=&#8221;on&#8221; use_background_color_gradient=&#8221;on&#8221; background_color_gradient_stops=&#8221;rgba(0,0,0,0.1) 0%|rgba(0,0,0,0.1) 99%&#8221; background_color_gradient_overlays_image=&#8221;on&#8221; background_image=&#8221;https:\/\/www.m19.pl\/wp-content\/uploads\/2022\/11\/wiz-1-kopia-min.jpg&#8221; background_enable_image=&#8221;on&#8221; link_option_url=&#8221;@ET-DC@eyJkeW5hbWljIjp0cnVlLCJjb250ZW50IjoicG9zdF9saW5rX3VybF9wcm9qZWN0Iiwic2V0dGluZ3MiOnsicG9zdF9pZCI6Ijg3NiJ9fQ==@&#8221; global_colors_info=&#8221;{}&#8221; sticky_transition=&#8221;on&#8221;]<\/p>\n<p>Nasz najnowszy projekt aran\u017cacji wn\u0119trz apartamentu w zabytkowej kamienicy w Sopocie<\/p>\n<p>[\/et_pb_slide][et_pb_slide heading=&#8221;Biuro sprzeda\u017cy Flora Development&#8221; _builder_version=&#8221;4.18.0&#8243; _dynamic_attributes=&#8221;link_option_url&#8221; _module_preset=&#8221;default&#8221; header_level=&#8221;h2&#8243; background_color=&#8221;#FFFFFF&#8221; background_enable_color=&#8221;on&#8221; use_background_color_gradient=&#8221;on&#8221; background_color_gradient_stops=&#8221;rgba(0,0,0,0.1) 0%|rgba(0,0,0,0.1) 99%&#8221; background_color_gradient_overlays_image=&#8221;on&#8221; background_image=&#8221;https:\/\/www.m19.pl\/wp-content\/uploads\/2022\/08\/Biuro-sprzedazy-Flora-Development.jpg&#8221; background_enable_image=&#8221;on&#8221; link_option_url=&#8221;@ET-DC@eyJkeW5hbWljIjp0cnVlLCJjb250ZW50IjoicG9zdF9saW5rX3VybF9wcm9qZWN0Iiwic2V0dGluZ3MiOnsicG9zdF9pZCI6IjY4OSJ9fQ==@&#8221; global_colors_info=&#8221;{}&#8221; sticky_transition=&#8221;on&#8221;]<\/p>\n<p><span>Gdynia, concrete, steel, greenery, brick redness and yachts outside the window.<\/span><\/p>\n<p>[\/et_pb_slide][\/et_pb_fullwidth_slider][\/et_pb_section][et_pb_section fb_built=&#8221;1&#8243; fullwidth=&#8221;on&#8221; _builder_version=&#8221;4.18.0&#8243; _module_preset=&#8221;default&#8221; global_colors_info=&#8221;{}&#8221;][\/et_pb_section][et_pb_section fb_built=&#8221;1&#8243; custom_padding_last_edited=&#8221;on|phone&#8221; _builder_version=&#8221;4.18.0&#8243; _module_preset=&#8221;default&#8221; background_color=&#8221;#FFFFFF&#8221; custom_padding=&#8221;4%||2%||false|false&#8221; custom_padding_tablet=&#8221;6%||3%||false|false&#8221; custom_padding_phone=&#8221;8%||4%||false|false&#8221; global_colors_info=&#8221;{}&#8221;][et_pb_row custom_padding_last_edited=&#8221;on|phone&#8221; _builder_version=&#8221;4.18.0&#8243; _module_preset=&#8221;default&#8221; background_color=&#8221;#ECEBE5&#8243; custom_padding=&#8221;2%|4%|2%|4%|true|true&#8221; custom_padding_tablet=&#8221;4%||4%||true|true&#8221; custom_padding_phone=&#8221;4%||4%||true|true&#8221; global_colors_info=&#8221;{}&#8221;][et_pb_column type=&#8221;4_4&#8243; _builder_version=&#8221;4.18.0&#8243; _module_preset=&#8221;default&#8221; global_colors_info=&#8221;{}&#8221;][et_pb_text _builder_version=&#8221;4.27.3&#8243; _module_preset=&#8221;default&#8221; header_2_font=&#8221;||||||||&#8221; custom_margin=&#8221;||20px||false|false&#8221; header_2_font_size_last_edited=&#8221;off|desktop&#8221; global_colors_info=&#8221;{}&#8221;]<\/p>\n<h2>about us<\/h2>\n<p>[\/et_pb_text][et_pb_text _builder_version=&#8221;4.27.3&#8243; _module_preset=&#8221;default&#8221; header_2_font=&#8221;||||||||&#8221; header_2_font_size=&#8221;28px&#8221; custom_margin=&#8221;||20px||false|false&#8221; text_font_size_last_edited=&#8221;off|desktop&#8221; header_2_font_size_tablet=&#8221;26px&#8221; header_2_font_size_phone=&#8221;22px&#8221; global_colors_info=&#8221;{}&#8221;]<\/p>\n<p>Architecture is about creating a space that is user-friendly, beautiful and ergonomic. We believe in it.<\/p>\n<p>M19 Architekci to pracownia architektoniczna z Gdyni. Wsp\u00f3\u0142praca z naszym zespo\u0142em stanowi gwarancj\u0119 udanej inwestycji budowlanej oraz niepowtarzalnej kreacji wybranego wn\u0119trza. Dzi\u0119ki wieloletniemu do\u015bwiadczeniu \u00a0zdobywanemu w kraju i za granic\u0105 oraz pe\u0142nemu zaanga\u017cowaniu aran\u017cujemy przestrzenie, kt\u00f3re s\u0105 komfortowe, estetyczne i funkcjonalne. W ten spos\u00f3b odpowiadamy na potrzeby i oczekiwania u\u017cytkownik\u00f3w, zapewniaj\u0105c ekskluzywny obszar do pracy oraz wypoczynku.<\/p>\n<p>Tworzymy projekty zar\u00f3wno budowlane (z pozwoleniem na budow\u0119), jak i aran\u017cacje wn\u0119trz. Jako architekci wn\u0119trz dobrze wiemy, jak wykorzysta\u0107 potencja\u0142 przestrzeni i zharmonizowa\u0107 estetyk\u0119 oraz ergonomi\u0119. Projektujemy przestrzenie wsp\u00f3\u0142czesne i klasyczne. Staramy si\u0119 poszukiwa\u0107 nowych rozwi\u0105za\u0144, zar\u00f3wno w funkcji, jak i w formie. Do ka\u017cdego projektu podchodzimy z ogromnym zaanga\u017cowaniem, staraj\u0105c si\u0119 stworzy\u0107 przestrze\u0144 funkcjonaln\u0105 i nieszablonow\u0105, osadzon\u0105 w kontek\u015bcie miejsca, z poszanowaniem dla historii i otaczaj\u0105cego krajobrazu.<\/p>\n<p>We always try to propose something new to our clients, which is a response to their needs. We take care of every detail and at the same time try to apply financially optimal solutions. We can listen carefully, design and implement.<\/p>\n<p>[\/et_pb_text][et_pb_button button_url=&#8221;@ET-DC@eyJkeW5hbWljIjp0cnVlLCJjb250ZW50IjoicG9zdF9saW5rX3VybF9wYWdlIiwic2V0dGluZ3MiOnsicG9zdF9pZCI6IjczIn19@&#8221; button_text=&#8221;Poznaj nas&#8221; _builder_version=&#8221;4.18.0&#8243; _dynamic_attributes=&#8221;button_url&#8221; _module_preset=&#8221;default&#8221; global_colors_info=&#8221;{}&#8221;][\/et_pb_button][\/et_pb_column][\/et_pb_row][\/et_pb_section][et_pb_section fb_built=&#8221;1&#8243; custom_padding_last_edited=&#8221;on|phone&#8221; _builder_version=&#8221;4.18.0&#8243; _module_preset=&#8221;default&#8221; background_color=&#8221;#FFFFFF&#8221; custom_padding=&#8221;2%||2%||false|false&#8221; custom_padding_tablet=&#8221;3%||6%||false|false&#8221; custom_padding_phone=&#8221;4%||8%||false|false&#8221; global_colors_info=&#8221;{}&#8221;][et_pb_row column_structure=&#8221;1_2,1_2&#8243; _builder_version=&#8221;4.18.0&#8243; _module_preset=&#8221;default&#8221; global_colors_info=&#8221;{}&#8221;][et_pb_column type=&#8221;1_2&#8243; _builder_version=&#8221;4.18.0&#8243; _module_preset=&#8221;default&#8221; custom_padding_tablet=&#8221;||8%||false|false&#8221; custom_padding_phone=&#8221;||10%||false|false&#8221; custom_padding_last_edited=&#8221;on|phone&#8221; global_colors_info=&#8221;{}&#8221;][et_pb_text _builder_version=&#8221;4.18.0&#8243; _module_preset=&#8221;default&#8221; header_2_font=&#8221;||||||||&#8221; custom_margin=&#8221;||20px||false|false&#8221; header_2_font_size_tablet=&#8221;26px&#8221; header_2_font_size_phone=&#8221;22px&#8221; global_colors_info=&#8221;{}&#8221;]<\/p>\n<h2>interiors<\/h2>\n<p>[\/et_pb_text][et_pb_text _builder_version=&#8221;4.18.0&#8243; _module_preset=&#8221;default&#8221; header_2_font=&#8221;||||||||&#8221; header_2_font_size=&#8221;28px&#8221; custom_margin=&#8221;||20px||false|false&#8221; header_2_font_size_tablet=&#8221;26px&#8221; header_2_font_size_phone=&#8221;22px&#8221; global_colors_info=&#8221;{}&#8221;]<\/p>\n<p>Dobry architekt wn\u0119trz to zaanga\u017cowany tw\u00f3rca, kt\u00f3ry potrafi pokonywa\u0107 pojawiaj\u0105ce si\u0119 przeszkody w spos\u00f3b kreatywny. R\u00f3\u017cnokierunkowo\u015b\u0107 rozwi\u0105za\u0144 w funkcji i w formie wymaga holistycznego podej\u015bcia do ka\u017cdego zlecenia i jeste\u015bmy przygotowani na takie wyzwania. Dla nas projektowanie i nadz\u00f3r nad realizacj\u0105 to prawdziwa pasja, kt\u00f3r\u0105 realizujemy w kraju i za granic\u0105 od kilkunastu lat.\u00a0<br \/>\u0141\u0105czymy to, co nowe, z tym, co sprawdzone, a ka\u017cde zadanie jest dla nas niepowtarzalne. Dok\u0142adamy wszelkich stara\u0144, aby realizacja budowlana lub aran\u017cacja wn\u0119trz nabra\u0142a indywidualnego charakteru, dopasowanego do upodoba\u0144 inwestora.<\/p>\n<p>Project of hall entrance and staircase in Kamienica Wiede\u0144ska Pozna\u0144, designed with Biuro Kreacja<\/p>\n<p>[\/et_pb_text][et_pb_button button_url=&#8221;@ET-DC@eyJkeW5hbWljIjp0cnVlLCJjb250ZW50IjoicG9zdF9saW5rX3VybF9wYWdlIiwic2V0dGluZ3MiOnsicG9zdF9pZCI6IjE3OCJ9fQ==@&#8221; button_text=&#8221;Dowiedz si\u0119 wi\u0119cej&#8221; _builder_version=&#8221;4.18.0&#8243; _dynamic_attributes=&#8221;button_url&#8221; _module_preset=&#8221;default&#8221; button_bg_color=&#8221;#ECEBE5&#8243; button_border_color=&#8221;#ECEBE5&#8243; global_colors_info=&#8221;{}&#8221; button_text_color__hover=&#8221;#FFFFFF&#8221;][\/et_pb_button][et_pb_image src=&#8221;https:\/\/www.m19.pl\/wp-content\/uploads\/2022\/08\/Wnetrza-home.jpg&#8221; title_text=&#8221;Wn\u0119trza&#8221; disabled_on=&#8221;off|off|on&#8221; _builder_version=&#8221;4.18.0&#8243; _module_preset=&#8221;default&#8221; global_colors_info=&#8221;{}&#8221;][\/et_pb_image][\/et_pb_column][et_pb_column type=&#8221;1_2&#8243; _builder_version=&#8221;4.18.0&#8243; _module_preset=&#8221;default&#8221; global_colors_info=&#8221;{}&#8221;][et_pb_text _builder_version=&#8221;4.18.0&#8243; _module_preset=&#8221;default&#8221; header_2_font=&#8221;||||||||&#8221; custom_margin=&#8221;||20px||false|false&#8221; header_2_font_size_tablet=&#8221;26px&#8221; header_2_font_size_phone=&#8221;22px&#8221; global_colors_info=&#8221;{}&#8221;]<\/p>\n<h2>architecture<\/h2>\n<p>[\/et_pb_text][et_pb_text _builder_version=&#8221;4.18.0&#8243; _module_preset=&#8221;default&#8221; header_2_font=&#8221;||||||||&#8221; header_2_font_size=&#8221;28px&#8221; custom_margin=&#8221;||20px||false|false&#8221; header_2_font_size_tablet=&#8221;26px&#8221; header_2_font_size_phone=&#8221;22px&#8221; global_colors_info=&#8221;{}&#8221;]<\/p>\n<p>Wsp\u00f3\u0142pracuj\u0105cym z nami inwestorom proponujemy stworzenie od podstaw projektu budowlanego. Skompletujemy dokumentacj\u0119 bran\u017cow\u0105 dla wybranego przez Ciebie projektu. Obszary dzia\u0142alno\u015bci pracowni M19 dotycz\u0105 zar\u00f3wno budynk\u00f3w mieszkalnych (jedno- i wielorodzinnych), jak i obiekt\u00f3w us\u0142ugowych oraz przestrzeni komercyjnych. Na ka\u017cdym etapie zapewniamy pe\u0142ne wsparcie merytoryczne.<br \/>Jako architekci, nie tylko projektujemy, ale r\u00f3wnie\u017c pomagamy w wyborze dzia\u0142ki, opracowaniu kosztorysu, dope\u0142nieniu formalno\u015bci, znalezieniu wykonawcy i sprawujemy rol\u0119 organu nadzoru autorskiego.<\/p>\n<p>&nbsp;<\/p>\n<p>Poni\u017cej jeden z naszych ostatnich temat\u00f3w &#8211; projekt domu jednorodzinnego w Chwaszczynie ko\u0142o Gdyni.<\/p>\n<p>[\/et_pb_text][et_pb_button button_url=&#8221;@ET-DC@eyJkeW5hbWljIjp0cnVlLCJjb250ZW50IjoicG9zdF9saW5rX3VybF9wYWdlIiwic2V0dGluZ3MiOnsicG9zdF9pZCI6IjU2NCJ9fQ==@&#8221; button_text=&#8221;Dowiedz si\u0119 wi\u0119cej&#8221; _builder_version=&#8221;4.18.0&#8243; _dynamic_attributes=&#8221;button_url&#8221; _module_preset=&#8221;default&#8221; button_bg_color=&#8221;#ECEBE5&#8243; button_border_color=&#8221;#ECEBE5&#8243; global_colors_info=&#8221;{}&#8221; button_text_color__hover=&#8221;#FFFFFF&#8221;][\/et_pb_button][et_pb_image src=&#8221;https:\/\/www.m19.pl\/wp-content\/uploads\/2022\/08\/Architektura-home.jpg&#8221; title_text=&#8221;Architektura&#8221; disabled_on=&#8221;off|off|on&#8221; _builder_version=&#8221;4.18.0&#8243; _module_preset=&#8221;default&#8221; global_colors_info=&#8221;{}&#8221;][\/et_pb_image][\/et_pb_column][\/et_pb_row][\/et_pb_section][et_pb_section fb_built=&#8221;1&#8243; disabled_on=&#8221;on|on|off&#8221; _builder_version=&#8221;4.18.0&#8243; _module_preset=&#8221;default&#8221; use_background_color_gradient=&#8221;on&#8221; background_color_gradient_stops=&#8221;#ffffff 10%|#ecebe5 10%|#ecebe5 90%|#ffffff 90%&#8221; custom_padding=&#8221;0px||0px||true|false&#8221; global_colors_info=&#8221;{}&#8221;][et_pb_row column_structure=&#8221;1_2,1_2&#8243; _builder_version=&#8221;4.18.0&#8243; _module_preset=&#8221;default&#8221; custom_padding=&#8221;0px||0px||true|false&#8221; global_colors_info=&#8221;{}&#8221;][et_pb_column type=&#8221;1_2&#8243; _builder_version=&#8221;4.18.0&#8243; _module_preset=&#8221;default&#8221; global_colors_info=&#8221;{}&#8221;][et_pb_image src=&#8221;https:\/\/www.m19.pl\/wp-content\/uploads\/2022\/08\/Wnetrza-home.jpg&#8221; title_text=&#8221;Wn\u0119trza&#8221; _builder_version=&#8221;4.18.0&#8243; _module_preset=&#8221;default&#8221; global_colors_info=&#8221;{}&#8221;][\/et_pb_image][\/et_pb_column][et_pb_column type=&#8221;1_2&#8243; _builder_version=&#8221;4.18.0&#8243; _module_preset=&#8221;default&#8221; global_colors_info=&#8221;{}&#8221;][et_pb_image src=&#8221;https:\/\/www.m19.pl\/wp-content\/uploads\/2022\/08\/Architektura-home.jpg&#8221; title_text=&#8221;Architektura&#8221; _builder_version=&#8221;4.18.0&#8243; _module_preset=&#8221;default&#8221; global_colors_info=&#8221;{}&#8221;][\/et_pb_image][\/et_pb_column][\/et_pb_row][\/et_pb_section][et_pb_section fb_built=&#8221;1&#8243; custom_padding_last_edited=&#8221;on|phone&#8221; _builder_version=&#8221;4.18.0&#8243; _module_preset=&#8221;default&#8221; background_color=&#8221;#FFFFFF&#8221; custom_padding=&#8221;4%||0%||false|false&#8221; custom_padding_tablet=&#8221;0%||0%||true|false&#8221; custom_padding_phone=&#8221;0%||0%||true|false&#8221; global_colors_info=&#8221;{}&#8221;][et_pb_row custom_padding_last_edited=&#8221;on|phone&#8221; _builder_version=&#8221;4.18.0&#8243; _module_preset=&#8221;default&#8221; background_color=&#8221;#ECEBE5&#8243; custom_padding=&#8221;2%|4%|2%|4%|true|true&#8221; custom_padding_tablet=&#8221;4%||4%||true|true&#8221; custom_padding_phone=&#8221;4%||4%||true|true&#8221; global_colors_info=&#8221;{}&#8221;][et_pb_column type=&#8221;4_4&#8243; _builder_version=&#8221;4.18.0&#8243; _module_preset=&#8221;default&#8221; global_colors_info=&#8221;{}&#8221;][et_pb_text _builder_version=&#8221;4.18.0&#8243; _module_preset=&#8221;default&#8221; header_2_font=&#8221;||||||||&#8221; custom_margin=&#8221;||20px||false|false&#8221; header_2_font_size_tablet=&#8221;26px&#8221; header_2_font_size_phone=&#8221;22px&#8221; global_colors_info=&#8221;{}&#8221;]<\/p>\n<h2>contact us<\/h2>\n<p>[\/et_pb_text][et_pb_text _builder_version=&#8221;4.22.2&#8243; _module_preset=&#8221;default&#8221; link_font=&#8221;||||on||||&#8221; link_text_color=&#8221;#000000&#8243; header_2_font=&#8221;||||||||&#8221; header_2_font_size=&#8221;28px&#8221; custom_margin=&#8221;||20px||false|false&#8221; header_2_font_size_tablet=&#8221;26px&#8221; header_2_font_size_phone=&#8221;22px&#8221; global_colors_info=&#8221;{}&#8221; link_text_color__hover_enabled=&#8221;on|hover&#8221; link_text_color__hover=&#8221;#000000&#8243;]<\/p>\n<p>M19 Architekci<br \/>ul. \u015awi\u0119toja\u0144ska 81\/4<br \/>81-389 Gdynia<\/p>\n<p>E: <a href=\"mailto:info@m19.pl\">info@m19.pl<\/a><br \/>W: www.m19.pl<\/p>\n<p>Maja Sko\u0142ysz<br \/>T: <a href=\"tel:+48%20535 975 140\">(048) 535 975 140<\/a><\/p>\n<p>Arkadiusz Kicki<br \/>T: <a href=\"tel:+48%20535 975 140\">(048) 692 791 569<\/a><\/p>\n<p>Please make an appointment by phone.<\/p>\n<p>[\/et_pb_text][et_pb_button button_url=&#8221;@ET-DC@eyJkeW5hbWljIjp0cnVlLCJjb250ZW50IjoicG9zdF9saW5rX3VybF9wYWdlIiwic2V0dGluZ3MiOnsicG9zdF9pZCI6IjEwNCJ9fQ==@&#8221; button_text=&#8221;Kontakt&#8221; _builder_version=&#8221;4.18.0&#8243; _dynamic_attributes=&#8221;button_url&#8221; _module_preset=&#8221;default&#8221; global_colors_info=&#8221;{}&#8221;][\/et_pb_button][\/et_pb_column][\/et_pb_row][\/et_pb_section]<\/p>","protected":false},"excerpt":{"rendered":"<p>W samym sercu Sopotu, przy ulicy Jana z Kolna, powstaje nowa realizacja naszej pracowni \u2013 Kolna Sopot.Zaprojektowane przez nas wn\u0119trza inwestycji Kolna Sopot bazuj\u0105 na subtelnej grze drewna o ciep\u0142ej tonacji z elementami czerni i neutralnych barw.Gdynia Ma\u0142y Kack \u2013 dzielnica w bezpo\u015brednim s\u0105siedztwie Tr\u00f3jmiejskiego Parku Krajobrazowego, a zarazem blisko \u015br\u00f3dmie\u015bcia miasta. To tu, na pi\u0119knej, w\u0105skiej, ale d\u0142ugiej dzia\u0142ce, tu\u017c przy lesie, powstanie dom.Jeden z naszych tegorocznych projekt\u00f3w wn\u0119trz &#8211; jasne i \u015bwietliste klasyczne wn\u0119trze prze\u0142amane wsp\u00f3\u0142czesnymi dodatkami.Prezentujemy apartament pokazowy w Kamienicy Wiede\u0144skiej w Poznaniu. Nowa realizacja w starej tkance.Nasz najnowszy projekt aran\u017cacji wn\u0119trz apartamentu w zabytkowej kamienicy w SopocieGdynia, beton, stal, do tego ziele\u0144, ceglasta rudo\u015b\u0107 i jachty za oknem.o nasArchitektura to tworzenie przestrzeni przyjaznej jej u\u017cytkownikom, pi\u0119knej i ergonomicznej. W to wierzymy. M19 Architekci to pracownia architektoniczna z Gdyni. Wsp\u00f3\u0142praca z naszym zespo\u0142em stanowi gwarancj\u0119 udanej inwestycji budowlanej oraz niepowtarzalnej kreacji wybranego wn\u0119trza. Dzi\u0119ki wieloletniemu do\u015bwiadczeniu \u00a0zdobywanemu w kraju i za granic\u0105 oraz pe\u0142nemu zaanga\u017cowaniu aran\u017cujemy przestrzenie, kt\u00f3re s\u0105 komfortowe, estetyczne i funkcjonalne. W ten spos\u00f3b odpowiadamy na potrzeby i oczekiwania u\u017cytkownik\u00f3w, zapewniaj\u0105c ekskluzywny obszar do pracy oraz wypoczynku. Tworzymy projekty zar\u00f3wno budowlane (z pozwoleniem na budow\u0119), jak i aran\u017cacje wn\u0119trz. Jako architekci wn\u0119trz dobrze wiemy, jak [&hellip;]<\/p>","protected":false},"author":1,"featured_media":1024,"parent":0,"menu_order":0,"comment_status":"closed","ping_status":"closed","template":"","meta":{"_acf_changed":false,"_et_pb_use_builder":"on","_et_pb_old_content":"<!-- wp:divi\/placeholder \/-->","_et_gb_content_width":"","footnotes":""},"class_list":["post-19","page","type-page","status-publish","has-post-thumbnail","hentry"],"acf":[],"_links":{"self":[{"href":"https:\/\/www.m19.pl\/en\/wp-json\/wp\/v2\/pages\/19","targetHints":{"allow":["GET"]}}],"collection":[{"href":"https:\/\/www.m19.pl\/en\/wp-json\/wp\/v2\/pages"}],"about":[{"href":"https:\/\/www.m19.pl\/en\/wp-json\/wp\/v2\/types\/page"}],"author":[{"embeddable":true,"href":"https:\/\/www.m19.pl\/en\/wp-json\/wp\/v2\/users\/1"}],"replies":[{"embeddable":true,"href":"https:\/\/www.m19.pl\/en\/wp-json\/wp\/v2\/comments?post=19"}],"version-history":[{"count":74,"href":"https:\/\/www.m19.pl\/en\/wp-json\/wp\/v2\/pages\/19\/revisions"}],"predecessor-version":[{"id":1246,"href":"https:\/\/www.m19.pl\/en\/wp-json\/wp\/v2\/pages\/19\/revisions\/1246"}],"wp:featuredmedia":[{"embeddable":true,"href":"https:\/\/www.m19.pl\/en\/wp-json\/wp\/v2\/media\/1024"}],"wp:attachment":[{"href":"https:\/\/www.m19.pl\/en\/wp-json\/wp\/v2\/media?parent=19"}],"curies":[{"name":"wp","href":"https:\/\/api.w.org\/{rel}","templated":true}]}}