{"id":99,"date":"2022-08-13T16:46:43","date_gmt":"2022-08-13T14:46:43","guid":{"rendered":"https:\/\/www.m19.pl\/o-nas-copy\/"},"modified":"2026-02-25T13:59:26","modified_gmt":"2026-02-25T12:59:26","slug":"oferta","status":"publish","type":"page","link":"https:\/\/www.m19.pl\/en\/oferta\/","title":{"rendered":"Oferta"},"content":{"rendered":"<p>[et_pb_section fb_built=&#8221;1&#8243; custom_padding_last_edited=&#8221;on|phone&#8221; _builder_version=&#8221;4.18.0&#8243; _module_preset=&#8221;default&#8221; background_color=&#8221;#FFFFFF&#8221; custom_padding=&#8221;2%||2%||false|false&#8221; custom_padding_tablet=&#8221;3%||6%||false|false&#8221; custom_padding_phone=&#8221;4%||8%||false|false&#8221; global_colors_info=&#8221;{}&#8221;][et_pb_row column_structure=&#8221;1_2,1_2&#8243; _builder_version=&#8221;4.18.0&#8243; _module_preset=&#8221;default&#8221; global_colors_info=&#8221;{}&#8221;][et_pb_column type=&#8221;1_2&#8243; _builder_version=&#8221;4.18.0&#8243; _module_preset=&#8221;default&#8221; global_colors_info=&#8221;{}&#8221;][et_pb_text _builder_version=&#8221;4.18.0&#8243; _module_preset=&#8221;default&#8221; header_2_font=&#8221;||||||||&#8221; custom_margin=&#8221;||20px||false|false&#8221; header_2_font_size_tablet=&#8221;26px&#8221; header_2_font_size_phone=&#8221;22px&#8221; global_colors_info=&#8221;{}&#8221;]<\/p>\n<h2>architecture<\/h2>\n<p>[\/et_pb_text][et_pb_text _builder_version=&#8221;4.18.0&#8243; _module_preset=&#8221;default&#8221; header_2_font=&#8221;||||||||&#8221; header_2_font_size=&#8221;28px&#8221; custom_margin=&#8221;||20px||false|false&#8221; header_2_font_size_tablet=&#8221;26px&#8221; header_2_font_size_phone=&#8221;22px&#8221; global_colors_info=&#8221;{}&#8221;]<\/p>\n<p>We provide comprehensive design documentation for planning and building control permits:<\/p>\n<p>- single and multi-family housing<br \/>- hotels<br \/>&#8211; us\u0142ugowych<br \/>&#8211; dom\u00f3w spokojnej staro\u015bci<br \/>- commercial and retail spaces<br \/>- site analysis<\/p>\n<p>Prowadzimy inwestora przez ca\u0142y proces budowlany, pomagamy wybra\u0107 dzia\u0142k\u0119, za\u0142atwi\u0107 formalno\u015bci, wyt\u0142umaczymy mog\u0105ce pojawi\u0107 si\u0119 trudno\u015bci. Przygotowujemy kosztorysy, pomagamy w znalezieniu wykonawcy, pe\u0142nimy nadzory autorskie i koordynacje bud\u00f3w.<\/p>\n<p>We pay special attention to the history and context of the place. We focus on energy-saving and ecological solutions.<\/p>\n<p>[\/et_pb_text][\/et_pb_column][et_pb_column type=&#8221;1_2&#8243; _builder_version=&#8221;4.18.0&#8243; _module_preset=&#8221;default&#8221; global_colors_info=&#8221;{}&#8221;][et_pb_text _builder_version=&#8221;4.18.0&#8243; _module_preset=&#8221;default&#8221; header_2_font=&#8221;||||||||&#8221; custom_margin=&#8221;||20px||false|false&#8221; header_2_font_size_tablet=&#8221;26px&#8221; header_2_font_size_phone=&#8221;22px&#8221; global_colors_info=&#8221;{}&#8221;]<\/p>\n<h2>interiors<\/h2>\n<p>[\/et_pb_text][et_pb_text _builder_version=&#8221;4.18.0&#8243; _module_preset=&#8221;default&#8221; header_2_font=&#8221;||||||||&#8221; header_2_font_size=&#8221;28px&#8221; custom_margin=&#8221;||20px||false|false&#8221; header_2_font_size_tablet=&#8221;26px&#8221; header_2_font_size_phone=&#8221;22px&#8221; global_colors_info=&#8221;{}&#8221;]<\/p>\n<p>Wykonujemy kompleksowe aran\u017cacje zar\u00f3wno wn\u0119trz przestrzeni prywatnych i publicznych, w tym projekty w obiektach zabytkowych.<\/p>\n<p>Potrzeby i pomys\u0142y inwestor\u00f3w s\u0105 nasz\u0105 inspiracja, dzi\u0119ki kt\u00f3rej nadajemy ka\u017cdej przestrzeni unikalny wymiar.<\/p>\n<p>We work with respect for the history, nature and context of the place, which is why we do not close ourselves to one style and always look for new solutions.<\/p>\n<p>Wsp\u00f3\u0142pracujemy ze sprawdzonymi ekipami i dostawcami. Dobieramy materia\u0142y, przygotowujemy kosztorysy ofertowe.<\/p>\n<p>We coordinate and supervise construction works.<\/p>\n<p>[\/et_pb_text][\/et_pb_column][\/et_pb_row][et_pb_row column_structure=&#8221;1_2,1_2&#8243; _builder_version=&#8221;4.18.0&#8243; _module_preset=&#8221;default&#8221; global_colors_info=&#8221;{}&#8221;][et_pb_column type=&#8221;1_2&#8243; _builder_version=&#8221;4.18.0&#8243; _module_preset=&#8221;default&#8221; global_colors_info=&#8221;{}&#8221;][et_pb_text _builder_version=&#8221;4.18.0&#8243; _module_preset=&#8221;default&#8221; header_2_font=&#8221;||||||||&#8221; custom_margin=&#8221;||20px||false|false&#8221; header_2_font_size_tablet=&#8221;26px&#8221; header_2_font_size_phone=&#8221;22px&#8221; global_colors_info=&#8221;{}&#8221; custom_padding=&#8221;0px|||||&#8221;]<\/p>\n<h2>consultation<\/h2>\n<p>[\/et_pb_text][et_pb_text _builder_version=&#8221;4.18.0&#8243; _module_preset=&#8221;default&#8221; header_2_font=&#8221;||||||||&#8221; header_2_font_size=&#8221;28px&#8221; custom_margin=&#8221;||20px||false|false&#8221; header_2_font_size_tablet=&#8221;26px&#8221; header_2_font_size_phone=&#8221;22px&#8221; global_colors_info=&#8221;{}&#8221;]<\/p>\n<p>Je\u015bli potrzebna jest porada, konsultacja, doradztwo przy zakupie\/remoncie itp. &#8211; oferujemy tak\u0105 mo\u017cliwo\u015b\u0107.<\/p>\n<p>We invite you to the office or we travel to the construction site.<br \/>Consultation quote on individual request.<\/p>\n<p>[\/et_pb_text][et_pb_button button_url=&#8221;@ET-DC@eyJkeW5hbWljIjp0cnVlLCJjb250ZW50IjoicG9zdF9saW5rX3VybF9wYWdlIiwic2V0dGluZ3MiOnsicG9zdF9pZCI6IjEwNCJ9fQ==@&#8221; button_text=&#8221;Skontaktuj si\u0119 z nami&#8221; _builder_version=&#8221;4.18.0&#8243; _dynamic_attributes=&#8221;button_url&#8221; _module_preset=&#8221;default&#8221; button_bg_color=&#8221;#ECEBE5&#8243; button_border_color=&#8221;#ECEBE5&#8243; global_colors_info=&#8221;{}&#8221; button_text_color__hover=&#8221;#FFFFFF&#8221;][\/et_pb_button][\/et_pb_column][et_pb_column type=&#8221;1_2&#8243; _builder_version=&#8221;4.18.0&#8243; _module_preset=&#8221;default&#8221; global_colors_info=&#8221;{}&#8221;][\/et_pb_column][\/et_pb_row][\/et_pb_section]<\/p>","protected":false},"excerpt":{"rendered":"<p>architekturaWykonujemy pe\u0142nobran\u017cowe dokumentacje projektowe do pozwole\u0144 na budow\u0119 oraz wykonawczych budynk\u00f3w: &#8211; mieszkaniowych jedno i wielorodzinnnych- hotelowych- us\u0142ugowych- dom\u00f3w spokojnej staro\u015bci- lokali us\u0142ugowych- analizy ch\u0142onno\u015bci terenu Prowadzimy inwestora przez ca\u0142y proces budowlany, pomagamy wybra\u0107 dzia\u0142k\u0119, za\u0142atwi\u0107 formalno\u015bci, wyt\u0142umaczymy mog\u0105ce pojawi\u0107 si\u0119 trudno\u015bci. Przygotowujemy kosztorysy, pomagamy w znalezieniu wykonawcy, pe\u0142nimy nadzory autorskie i koordynacje bud\u00f3w. Zwracamy szczeg\u00f3ln\u0105 uwag\u0119 na historie i kontekst miejsca. Stawiamy na rozwi\u0105zania energooszcz\u0119dne i ekologicznewn\u0119trzaWykonujemy kompleksowe aran\u017cacje zar\u00f3wno wn\u0119trz przestrzeni prywatnych i publicznych, w tym projekty w obiektach zabytkowych. Potrzeby i pomys\u0142y inwestor\u00f3w s\u0105 nasz\u0105 inspiracja, dzi\u0119ki kt\u00f3rej nadajemy ka\u017cdej przestrzeni unikalny wymiar. Pracujemy z poszanowaniem historii, natury i kontekstu miejsca, dlatego nie zamykamy si\u0119 na jeden styl i zawsze poszukujemy nowych rozwi\u0105za\u0144. Wsp\u00f3\u0142pracujemy ze sprawdzonymi ekipami i dostawcami. Dobieramy materia\u0142y, przygotowujemy kosztorysy ofertowe. Koordynujemy i nadzorujemy budowy.konsultacjeJe\u015bli potrzebna jest porada, konsultacja, doradztwo przy zakupie\/remoncie itp. &#8211; oferujemy tak\u0105 mo\u017cliwo\u015b\u0107. Zapraszamy do biura lub doje\u017cd\u017camy na miejsce budowy.Wycena konsultacji na indywidualne zapytanie.<\/p>","protected":false},"author":1,"featured_media":0,"parent":0,"menu_order":0,"comment_status":"closed","ping_status":"closed","template":"","meta":{"_acf_changed":false,"_et_pb_use_builder":"on","_et_pb_old_content":"<!-- wp:divi\/placeholder \/-->","_et_gb_content_width":"","footnotes":""},"class_list":["post-99","page","type-page","status-publish","hentry"],"acf":[],"_links":{"self":[{"href":"https:\/\/www.m19.pl\/en\/wp-json\/wp\/v2\/pages\/99","targetHints":{"allow":["GET"]}}],"collection":[{"href":"https:\/\/www.m19.pl\/en\/wp-json\/wp\/v2\/pages"}],"about":[{"href":"https:\/\/www.m19.pl\/en\/wp-json\/wp\/v2\/types\/page"}],"author":[{"embeddable":true,"href":"https:\/\/www.m19.pl\/en\/wp-json\/wp\/v2\/users\/1"}],"replies":[{"embeddable":true,"href":"https:\/\/www.m19.pl\/en\/wp-json\/wp\/v2\/comments?post=99"}],"version-history":[{"count":7,"href":"https:\/\/www.m19.pl\/en\/wp-json\/wp\/v2\/pages\/99\/revisions"}],"predecessor-version":[{"id":1760,"href":"https:\/\/www.m19.pl\/en\/wp-json\/wp\/v2\/pages\/99\/revisions\/1760"}],"wp:attachment":[{"href":"https:\/\/www.m19.pl\/en\/wp-json\/wp\/v2\/media?parent=99"}],"curies":[{"name":"wp","href":"https:\/\/api.w.org\/{rel}","templated":true}]}}